{"id":2362,"date":"2024-08-16T12:30:17","date_gmt":"2024-08-16T10:30:17","guid":{"rendered":"https:\/\/www.gepujsag.hu\/?page_id=2362"},"modified":"2024-09-13T10:49:48","modified_gmt":"2024-09-13T08:49:48","slug":"editorial-board","status":"publish","type":"page","link":"https:\/\/www.gepujsag.hu\/eng\/editorial-board\/","title":{"rendered":"Editorial board"},"content":{"rendered":"\n<p>president:<br><strong>VAD\u00c1SZN\u00c9 Dr. BOGN\u00c1R Gabriella<\/strong>&nbsp;<\/p>\n\n\n\n<p>chief editor:<br><strong>Dr. D\u00d6M\u00d6T\u00d6R Csaba<\/strong><\/p>\n\n\n\n<p>vice chief editor:<br><strong>VESZA J\u00f3zsef<\/strong><\/p>\n\n\n\n<p><br><strong>Dr. \u00c1BRAH\u00c1M Gy\u00f6rgy<br>Dr. BARK\u00d3CZY Istv\u00e1n<br>Dr. BORB\u00c1S Lajos<br>Dr. CZIFRA \u00c1rp\u00e1d<br>Dr. DANYI J\u00f3zsef<br>Dr. FEKETE Guszt\u00e1v<br>Dr. HOR\u00c1K P\u00e9ter<br>Dr. HORV\u00c1TH S\u00e1ndor<br>Dr. ILL\u00c9S B\u00e9la<br>Dr. J\u00c1NOSI Endre<\/strong><br><strong>Dr. J\u00c1RMAI K\u00e1roly<br>Dr. KAKUK J\u00f3zsef<br>Dr. KAL\u00c1CSKA G\u00e1bor<br>Dr. LELKES M\u00e1rk<br>Dr. KAN\u00d3CZ J\u00e1nos<br>Dr. K\u00d6N\u00d6ZSY L\u00e1szl\u00f3<br>Dr. MANKOVITS Tam\u00e1s<br>Dr. M\u00c1T\u00c9 M\u00e1rton<br>Dr. ORB\u00c1N Ferenc<br>Dr. PATK\u00d3 Gyula<br>Dr. PIROS Attila<br>Dr. SOLT\u00c9SZ L\u00e1szl\u00f3<br>Dr. SZAB\u00d3 Istv\u00e1n<br>Dr. SZ\u00c1VAI Szabolcs<br>Dr. SZ\u00c1VA J\u00e1nos<br>Dr. SZIGETI Ferenc<br>Dr. T\u00cdM\u00c1R Imre<br>Dr. WELTSCH Zolt\u00e1n<\/strong><\/p>\n","protected":false},"excerpt":{"rendered":"<p>president:VAD\u00c1SZN\u00c9 Dr. BOGN\u00c1R Gabriella&nbsp; chief editor:Dr. D\u00d6M\u00d6T\u00d6R Csaba vice chief editor:VESZA J\u00f3zsef Dr. \u00c1BRAH\u00c1M Gy\u00f6rgyDr. BARK\u00d3CZY Istv\u00e1nDr. BORB\u00c1S LajosDr. CZIFRA \u00c1rp\u00e1dDr. DANYI J\u00f3zsefDr. FEKETE Guszt\u00e1vDr. HOR\u00c1K P\u00e9terDr. HORV\u00c1TH S\u00e1ndorDr. ILL\u00c9S B\u00e9laDr. J\u00c1NOSI EndreDr. J\u00c1RMAI K\u00e1rolyDr. KAKUK J\u00f3zsefDr. KAL\u00c1CSKA G\u00e1borDr. LELKES M\u00e1rkDr. KAN\u00d3CZ J\u00e1nosDr. K\u00d6N\u00d6ZSY L\u00e1szl\u00f3Dr. MANKOVITS Tam\u00e1sDr. M\u00c1T\u00c9 M\u00e1rtonDr. ORB\u00c1N FerencDr. PATK\u00d3 GyulaDr. PIROS AttilaDr. [&hellip;]<\/p>\n","protected":false},"author":1,"featured_media":0,"parent":0,"menu_order":0,"comment_status":"closed","ping_status":"closed","template":"","meta":{"footnotes":""},"class_list":["post-2362","page","type-page","status-publish","hentry"],"_links":{"self":[{"href":"https:\/\/www.gepujsag.hu\/eng\/wp-json\/wp\/v2\/pages\/2362","targetHints":{"allow":["GET"]}}],"collection":[{"href":"https:\/\/www.gepujsag.hu\/eng\/wp-json\/wp\/v2\/pages"}],"about":[{"href":"https:\/\/www.gepujsag.hu\/eng\/wp-json\/wp\/v2\/types\/page"}],"author":[{"embeddable":true,"href":"https:\/\/www.gepujsag.hu\/eng\/wp-json\/wp\/v2\/users\/1"}],"replies":[{"embeddable":true,"href":"https:\/\/www.gepujsag.hu\/eng\/wp-json\/wp\/v2\/comments?post=2362"}],"version-history":[{"count":1,"href":"https:\/\/www.gepujsag.hu\/eng\/wp-json\/wp\/v2\/pages\/2362\/revisions"}],"predecessor-version":[{"id":2636,"href":"https:\/\/www.gepujsag.hu\/eng\/wp-json\/wp\/v2\/pages\/2362\/revisions\/2636"}],"wp:attachment":[{"href":"https:\/\/www.gepujsag.hu\/eng\/wp-json\/wp\/v2\/media?parent=2362"}],"curies":[{"name":"wp","href":"https:\/\/api.w.org\/{rel}","templated":true}]}}