{"id":2624,"date":"2024-08-28T15:14:25","date_gmt":"2024-08-28T13:14:25","guid":{"rendered":"https:\/\/www.gepujsag.hu\/eng\/?page_id=2624"},"modified":"2024-08-28T15:14:25","modified_gmt":"2024-08-28T13:14:25","slug":"contact","status":"publish","type":"page","link":"https:\/\/www.gepujsag.hu\/eng\/contact\/","title":{"rendered":"Contact"},"content":{"rendered":"\n<p>chief editor:<\/p>\n\n\n\n<p><strong>Dr. D\u00d6M\u00d6T\u00d6R Csaba<\/strong><\/p>\n\n\n\n<p><a href=\"mailto:csaba.domotor@uni-miskolc.hu\" target=\"_blank\" rel=\"noreferrer noopener\">mail@gepujsag.hu<\/a><\/p>\n","protected":false},"excerpt":{"rendered":"<p>chief editor: Dr. D\u00d6M\u00d6T\u00d6R Csaba mail@gepujsag.hu<\/p>\n","protected":false},"author":1,"featured_media":0,"parent":0,"menu_order":0,"comment_status":"closed","ping_status":"closed","template":"","meta":{"footnotes":""},"class_list":["post-2624","page","type-page","status-publish","hentry"],"_links":{"self":[{"href":"https:\/\/www.gepujsag.hu\/eng\/wp-json\/wp\/v2\/pages\/2624","targetHints":{"allow":["GET"]}}],"collection":[{"href":"https:\/\/www.gepujsag.hu\/eng\/wp-json\/wp\/v2\/pages"}],"about":[{"href":"https:\/\/www.gepujsag.hu\/eng\/wp-json\/wp\/v2\/types\/page"}],"author":[{"embeddable":true,"href":"https:\/\/www.gepujsag.hu\/eng\/wp-json\/wp\/v2\/users\/1"}],"replies":[{"embeddable":true,"href":"https:\/\/www.gepujsag.hu\/eng\/wp-json\/wp\/v2\/comments?post=2624"}],"version-history":[{"count":1,"href":"https:\/\/www.gepujsag.hu\/eng\/wp-json\/wp\/v2\/pages\/2624\/revisions"}],"predecessor-version":[{"id":2626,"href":"https:\/\/www.gepujsag.hu\/eng\/wp-json\/wp\/v2\/pages\/2624\/revisions\/2626"}],"wp:attachment":[{"href":"https:\/\/www.gepujsag.hu\/eng\/wp-json\/wp\/v2\/media?parent=2624"}],"curies":[{"name":"wp","href":"https:\/\/api.w.org\/{rel}","templated":true}]}}